{"id":17814,"date":"2024-03-27T13:14:05","date_gmt":"2024-03-27T13:14:05","guid":{"rendered":"https:\/\/barelparisien.com\/datenschutzbestimmungen\/"},"modified":"2024-06-13T14:16:51","modified_gmt":"2024-06-13T14:16:51","slug":"datenschutzbestimmungen","status":"publish","type":"page","link":"https:\/\/barelparisien.com\/de\/datenschutzbestimmungen\/","title":{"rendered":"Datenschutzbestimmungen"},"content":{"rendered":"\t\t<div data-elementor-type=\"wp-page\" data-elementor-id=\"17814\" class=\"elementor elementor-17814 elementor-3\">\n\t\t\t\t\t\t<section class=\"elementor-section elementor-top-section elementor-element elementor-element-63b8aefb elementor-section-boxed elementor-section-height-default elementor-section-height-default\" data-id=\"63b8aefb\" data-element_type=\"section\" data-settings=\"{&quot;ekit_has_onepagescroll_dot&quot;:&quot;yes&quot;}\">\n\t\t\t\t\t\t<div class=\"elementor-container elementor-column-gap-default\">\n\t\t\t\t\t<div class=\"elementor-column elementor-col-100 elementor-top-column elementor-element elementor-element-14c6cafb\" data-id=\"14c6cafb\" data-element_type=\"column\">\n\t\t\t<div class=\"elementor-widget-wrap elementor-element-populated\">\n\t\t\t\t\t\t<div class=\"elementor-element elementor-element-5593516b elementor-widget elementor-widget-text-editor\" data-id=\"5593516b\" data-element_type=\"widget\" data-settings=\"{&quot;ekit_we_effect_on&quot;:&quot;none&quot;}\" data-widget_type=\"text-editor.default\">\n\t\t\t\t<div class=\"elementor-widget-container\">\n\t\t\t\t\t\t\t\t\t\n<p><strong>Verantwortlich f\u00fcr die Datenverarbeitung:<\/strong> Bar El Parisi\u00e9n R\u00faa da Liberdade, 180 27600 Sarria (Lugo) Telefon: 98 2530 491 E-Mail: <a>info@barelparisien.com<\/a><\/p>\n\n\n\n<p><strong>Einleitung<\/strong> Wir von Bar El Parisi\u00e9n verpflichten uns, Ihre Privatsph\u00e4re zu sch\u00fctzen und zu respektieren. Diese Datenschutzrichtlinie erkl\u00e4rt, wie wir Ihre pers\u00f6nlichen Daten sammeln, verwenden und sch\u00fctzen.<\/p>\n\n\n\n<p><strong>2. Erfasste Daten<\/strong> Wir erfassen Informationen, die Sie uns direkt zur Verf\u00fcgung stellen, wie z.B.:<\/p>\n\n\n\n<ul>\n<li>Kontaktinformationen (Name, E-Mail, Telefonnummer)<\/li>\n\n\n\n<li>Buchungsinformationen<\/li>\n<\/ul>\n\n\n\n<p><strong>3. Verwendung der Daten<\/strong> Wir verwenden Ihre Daten, um:<\/p>\n\n\n\n<ul>\n<li>Verwalten und Best\u00e4tigen von Buchungen<\/li>\n\n\n\n<li>Beantwortung Ihrer Fragen<\/li>\n\n\n\n<li>Senden Sie Informationen \u00fcber unsere Dienstleistungen und Angebote<\/li>\n<\/ul>\n\n\n\n<p><strong>4. Rechtsgrundlage f\u00fcr die Datenverarbeitung<\/strong> Wir verarbeiten Ihre pers\u00f6nlichen Daten in \u00dcbereinstimmung mit den EU- und spanischen Datenschutzgesetzen, einschlie\u00dflich der Allgemeinen Datenschutzverordnung (GDPR).<\/p>\n\n\n\n<p><strong>5. Benutzerrechte<\/strong> Sie haben das Recht auf:<\/p>\n\n\n\n<ul>\n<li>Zugriff auf Ihre pers\u00f6nlichen Daten<\/li>\n\n\n\n<li>Beantragung der Berichtigung unzutreffender Daten<\/li>\n\n\n\n<li>Beantragen Sie die L\u00f6schung Ihrer Daten<\/li>\n\n\n\n<li>Widerspruch gegen die Verarbeitung Ihrer Daten<\/li>\n\n\n\n<li>die Einschr\u00e4nkung der Verarbeitung Ihrer Daten verlangen<\/li>\n\n\n\n<li>Beantragen Sie die \u00dcbertragbarkeit Ihrer Daten<\/li>\n<\/ul>\n\n\n\n<p>Um diese Rechte auszu\u00fcben, k\u00f6nnen Sie uns unter <a>info@barelparisien.com<\/a> kontaktieren <a>.<\/a><\/p>\n\n\n\n<p><strong>6. Datensicherheit<\/strong> Wir setzen technische und organisatorische Sicherheitsma\u00dfnahmen ein, um Ihre Daten vor unbefugtem Zugriff, Ver\u00e4nderung, Weitergabe oder Zerst\u00f6rung zu sch\u00fctzen.<\/p>\n\n\n\n<p><strong>7. Internationale Daten\u00fcbertragungen<\/strong> Ihre pers\u00f6nlichen Daten werden nicht au\u00dferhalb des Europ\u00e4ischen Wirtschaftsraums (EWR) \u00fcbertragen.<\/p>\n\n\n\n<p><strong>8. Datenaufbewahrung<\/strong> Wir bewahren Ihre personenbezogenen Daten nur so lange auf, wie es zur Erf\u00fcllung der Zwecke, f\u00fcr die sie erhoben wurden, erforderlich ist, einschlie\u00dflich gesetzlicher und buchhalterischer Anforderungen.<\/p>\n\n\n\n<p><strong>9. Cookies und \u00e4hnliche Technologien<\/strong> Wir verwenden Cookies und \u00e4hnliche Technologien, um Ihre Erfahrung auf unserer Website zu verbessern. Sie k\u00f6nnen Ihre Cookie-Pr\u00e4ferenzen in den Einstellungen Ihres Browsers verwalten.<\/p>\n\n\n\n<p><strong>10. \u00c4nderungen an der Datenschutzrichtlinie<\/strong> Wir k\u00f6nnen diese Datenschutzrichtlinie von Zeit zu Zeit aktualisieren. Wir werden Sie \u00fcber alle \u00c4nderungen informieren, indem wir die neue Richtlinie auf unserer Website ver\u00f6ffentlichen.<\/p>\n\n\n\n<p><strong>11. Kontakt<\/strong> Wenn Sie Fragen zu unserer Datenschutzrichtlinie haben, wenden Sie sich bitte an uns:<\/p>\n\n\n\n<p>Bar El Parisien R\u00faa da Liberdade, 180 27600 Sarria (Lugo) Telefon: 98 2530 491 E-Mail: <a>info@barelparisien.com<\/a><\/p>\n\n\n\n<p>Diese Datenschutzrichtlinie wurde zuletzt am 6\/06\/2024 aktualisiert.<\/p>\n\t\t\t\t\t\t\t\t<\/div>\n\t\t\t\t<\/div>\n\t\t\t\t\t<\/div>\n\t\t<\/div>\n\t\t\t\t\t<\/div>\n\t\t<\/section>\n\t\t\t\t<\/div>\n\t\t","protected":false},"excerpt":{"rendered":"<p>Verantwortlich f\u00fcr die Datenverarbeitung: Bar El Parisi\u00e9n R\u00faa da Liberdade, 180 27600 Sarria (Lugo) Telefon: 98 2530 491 E-Mail: info@barelparisien.com Einleitung Wir von Bar El Parisi\u00e9n verpflichten uns, Ihre Privatsph\u00e4re zu sch\u00fctzen und zu respektieren. Diese Datenschutzrichtlinie erkl\u00e4rt, wie wir Ihre pers\u00f6nlichen Daten sammeln, verwenden und sch\u00fctzen. 2. Erfasste Daten Wir erfassen Informationen, die Sie&hellip; <a class=\"more-link\" href=\"https:\/\/barelparisien.com\/de\/datenschutzbestimmungen\/\">Continue reading <span class=\"screen-reader-text\">Datenschutzbestimmungen<\/span><\/a><\/p>\n","protected":false},"author":1,"featured_media":0,"parent":0,"menu_order":0,"comment_status":"closed","ping_status":"closed","template":"","meta":{"footnotes":""},"class_list":["post-17814","page","type-page","status-publish","hentry","entry"],"_links":{"self":[{"href":"https:\/\/barelparisien.com\/de\/wp-json\/wp\/v2\/pages\/17814","targetHints":{"allow":["GET"]}}],"collection":[{"href":"https:\/\/barelparisien.com\/de\/wp-json\/wp\/v2\/pages"}],"about":[{"href":"https:\/\/barelparisien.com\/de\/wp-json\/wp\/v2\/types\/page"}],"author":[{"embeddable":true,"href":"https:\/\/barelparisien.com\/de\/wp-json\/wp\/v2\/users\/1"}],"replies":[{"embeddable":true,"href":"https:\/\/barelparisien.com\/de\/wp-json\/wp\/v2\/comments?post=17814"}],"version-history":[{"count":0,"href":"https:\/\/barelparisien.com\/de\/wp-json\/wp\/v2\/pages\/17814\/revisions"}],"wp:attachment":[{"href":"https:\/\/barelparisien.com\/de\/wp-json\/wp\/v2\/media?parent=17814"}],"curies":[{"name":"wp","href":"https:\/\/api.w.org\/{rel}","templated":true}]}}