{"id":18684,"date":"2025-09-18T10:28:45","date_gmt":"2025-09-18T10:28:45","guid":{"rendered":"https:\/\/barelparisien.com\/?page_id=18684"},"modified":"2025-09-18T10:31:41","modified_gmt":"2025-09-18T10:31:41","slug":"politique-de-confidentialite-2","status":"publish","type":"page","link":"https:\/\/barelparisien.com\/fr\/politique-de-confidentialite-2\/","title":{"rendered":"Politique de confidentialit\u00e9"},"content":{"rendered":"\t\t<div data-elementor-type=\"wp-page\" data-elementor-id=\"18684\" class=\"elementor elementor-18684 elementor-18682\">\n\t\t\t\t\t\t<section class=\"elementor-section elementor-top-section elementor-element elementor-element-63b8aefb elementor-section-boxed elementor-section-height-default elementor-section-height-default\" data-id=\"63b8aefb\" data-element_type=\"section\" data-settings=\"{&quot;ekit_has_onepagescroll_dot&quot;:&quot;yes&quot;}\">\n\t\t\t\t\t\t<div class=\"elementor-container elementor-column-gap-default\">\n\t\t\t\t\t<div class=\"elementor-column elementor-col-100 elementor-top-column elementor-element elementor-element-14c6cafb\" data-id=\"14c6cafb\" data-element_type=\"column\">\n\t\t\t<div class=\"elementor-widget-wrap elementor-element-populated\">\n\t\t\t\t\t\t<div class=\"elementor-element elementor-element-5593516b elementor-widget elementor-widget-text-editor\" data-id=\"5593516b\" data-element_type=\"widget\" data-settings=\"{&quot;ekit_we_effect_on&quot;:&quot;none&quot;}\" data-widget_type=\"text-editor.default\">\n\t\t\t\t<div class=\"elementor-widget-container\">\n\t\t\t\t\t\t\t\t\t\n<p><strong>Responsable du traitement des donn\u00e9es :<\/strong> Bar El Parisi\u00e9n R\u00faa da Liberdade, 180 27600 Sarria (Lugo) T\u00e9l\u00e9phone : 98 2530 491 Courriel : <a>info@barelparisien.com<\/a><\/p>\n\n\n\n<p><strong>Introduction<\/strong> Le Bar El Parisi\u00e9n s&rsquo;engage \u00e0 prot\u00e9ger et \u00e0 respecter votre vie priv\u00e9e. Cette politique de confidentialit\u00e9 explique comment nous collectons, utilisons et prot\u00e9geons vos informations personnelles.<\/p>\n\n\n\n<p><strong>2. Donn\u00e9es collect\u00e9es<\/strong> Nous collectons les informations que vous nous fournissez directement, telles que :<\/p>\n\n\n\n<ul>\n<li>Coordonn\u00e9es (nom, e-mail, num\u00e9ro de t\u00e9l\u00e9phone)<\/li>\n\n\n\n<li>Informations sur les r\u00e9servations<\/li>\n<\/ul>\n\n\n\n<p><strong>3. Utilisation des donn\u00e9es<\/strong> Nous utilisons vos donn\u00e9es pour :<\/p>\n\n\n\n<ul>\n<li>G\u00e9rer et confirmer les r\u00e9servations<\/li>\n\n\n\n<li>R\u00e9pondre \u00e0 vos questions<\/li>\n\n\n\n<li>Envoyer des informations sur nos services et nos promotions<\/li>\n<\/ul>\n\n\n\n<p><strong>4. Base juridique du traitement des donn\u00e9es<\/strong> Nous traitons vos donn\u00e9es personnelles conform\u00e9ment aux lois europ\u00e9ennes et espagnoles sur la protection des donn\u00e9es, y compris le R\u00e8glement g\u00e9n\u00e9ral sur la protection des donn\u00e9es (RGPD).<\/p>\n\n\n\n<p><strong>5. Droits de l&rsquo;utilisateur<\/strong> Vous avez le droit de :<\/p>\n\n\n\n<ul>\n<li>Acc\u00e8s \u00e0 vos donn\u00e9es personnelles<\/li>\n\n\n\n<li>Demander la rectification de donn\u00e9es inexactes<\/li>\n\n\n\n<li>Demander la suppression de vos donn\u00e9es<\/li>\n\n\n\n<li>S&rsquo;opposer au traitement de vos donn\u00e9es<\/li>\n\n\n\n<li>Demander la limitation du traitement de vos donn\u00e9es<\/li>\n\n\n\n<li>Demander la portabilit\u00e9 de vos donn\u00e9es<\/li>\n<\/ul>\n\n\n\n<p>Pour exercer ces droits, vous pouvez nous contacter \u00e0 l&rsquo;adresse suivante <a>: info@barelparisien.com<\/a>.<\/p>\n\n\n\n<p><strong>6. S\u00e9curit\u00e9 des donn\u00e9es<\/strong> Nous mettons en \u0153uvre des mesures de s\u00e9curit\u00e9 techniques et organisationnelles pour prot\u00e9ger vos donn\u00e9es contre l&rsquo;acc\u00e8s non autoris\u00e9, l&rsquo;alt\u00e9ration, la divulgation ou la destruction.<\/p>\n\n\n\n<p><strong>7. Transferts internationaux de donn\u00e9es<\/strong> Vos donn\u00e9es personnelles ne seront pas transf\u00e9r\u00e9es en dehors de l&rsquo;Espace \u00e9conomique europ\u00e9en (EEE).<\/p>\n\n\n\n<p><strong>8. Conservation des donn\u00e9es<\/strong> Nous ne conservons vos donn\u00e9es \u00e0 caract\u00e8re personnel que pendant la dur\u00e9e n\u00e9cessaire \u00e0 la r\u00e9alisation des objectifs pour lesquels elles ont \u00e9t\u00e9 collect\u00e9es, y compris les exigences l\u00e9gales et comptables.<\/p>\n\n\n\n<p><strong>9. Cookies et technologies similaires<\/strong> Nous utilisons des cookies et des technologies similaires pour am\u00e9liorer votre exp\u00e9rience sur notre site web. Vous pouvez g\u00e9rer vos pr\u00e9f\u00e9rences en mati\u00e8re de cookies dans les param\u00e8tres de votre navigateur.<\/p>\n\n\n\n<p><strong>10. Modifications de la politique de<\/strong> confidentialit\u00e9 Nous pouvons mettre \u00e0 jour cette politique de confidentialit\u00e9 de temps \u00e0 autre. Nous vous informerons de tout changement en publiant la nouvelle politique sur notre site web.<\/p>\n\n\n\n<p><strong>11. Contact<\/strong> Si vous avez des questions concernant notre politique de confidentialit\u00e9, veuillez nous contacter \u00e0 l&rsquo;adresse suivante :<\/p>\n\n\n\n<p>Bar El Parisien R\u00faa da Liberdade, 180 27600 Sarria (Lugo) T\u00e9l\u00e9phone : 98 2530 491 Courriel : <a>info@barelparisien.com<\/a><\/p>\n\n\n\n<p>Cette politique de confidentialit\u00e9 a \u00e9t\u00e9 mise \u00e0 jour pour la derni\u00e8re fois le 6\/06\/2024.<\/p>\n\t\t\t\t\t\t\t\t<\/div>\n\t\t\t\t<\/div>\n\t\t\t\t\t<\/div>\n\t\t<\/div>\n\t\t\t\t\t<\/div>\n\t\t<\/section>\n\t\t\t\t<\/div>\n\t\t","protected":false},"excerpt":{"rendered":"<p>Responsable du traitement des donn\u00e9es : Bar El Parisi\u00e9n R\u00faa da Liberdade, 180 27600 Sarria (Lugo) T\u00e9l\u00e9phone : 98 2530 491 Courriel : info@barelparisien.com Introduction Le Bar El Parisi\u00e9n s&rsquo;engage \u00e0 prot\u00e9ger et \u00e0 respecter votre vie priv\u00e9e. Cette politique de confidentialit\u00e9 explique comment nous collectons, utilisons et prot\u00e9geons vos informations personnelles. 2. Donn\u00e9es collect\u00e9es&hellip; <a class=\"more-link\" href=\"https:\/\/barelparisien.com\/fr\/politique-de-confidentialite-2\/\">Continue reading <span class=\"screen-reader-text\">Politique de confidentialit\u00e9<\/span><\/a><\/p>\n","protected":false},"author":1,"featured_media":0,"parent":0,"menu_order":0,"comment_status":"closed","ping_status":"closed","template":"","meta":{"footnotes":""},"class_list":["post-18684","page","type-page","status-publish","hentry","entry"],"_links":{"self":[{"href":"https:\/\/barelparisien.com\/fr\/wp-json\/wp\/v2\/pages\/18684","targetHints":{"allow":["GET"]}}],"collection":[{"href":"https:\/\/barelparisien.com\/fr\/wp-json\/wp\/v2\/pages"}],"about":[{"href":"https:\/\/barelparisien.com\/fr\/wp-json\/wp\/v2\/types\/page"}],"author":[{"embeddable":true,"href":"https:\/\/barelparisien.com\/fr\/wp-json\/wp\/v2\/users\/1"}],"replies":[{"embeddable":true,"href":"https:\/\/barelparisien.com\/fr\/wp-json\/wp\/v2\/comments?post=18684"}],"version-history":[{"count":4,"href":"https:\/\/barelparisien.com\/fr\/wp-json\/wp\/v2\/pages\/18684\/revisions"}],"predecessor-version":[{"id":18705,"href":"https:\/\/barelparisien.com\/fr\/wp-json\/wp\/v2\/pages\/18684\/revisions\/18705"}],"wp:attachment":[{"href":"https:\/\/barelparisien.com\/fr\/wp-json\/wp\/v2\/media?parent=18684"}],"curies":[{"name":"wp","href":"https:\/\/api.w.org\/{rel}","templated":true}]}}